{"id":216,"date":"2023-01-21T12:44:30","date_gmt":"2023-01-21T15:44:30","guid":{"rendered":"https:\/\/lilianmenenguci.com.br\/?post_type=product&#038;p=216"},"modified":"2026-01-12T14:41:06","modified_gmt":"2026-01-12T17:41:06","slug":"o-misterio-da-bolinha-de-gude","status":"publish","type":"product","link":"https:\/\/lilianmenenguci.com.br\/index.php\/produto\/o-misterio-da-bolinha-de-gude\/","title":{"rendered":"O Mist\u00e9rio da Bolinha de Gude"},"content":{"rendered":"<p>O livro traz a hist\u00f3ria de tr\u00eas meninos &#8211; Marquinhos, Bil\u00f4la e Dudu &#8211; apaixonados pelo jogo de bolinha de gude e que decidem realizar suas partidas no quintal do nada simp\u00e1tico Senhor Marinho. Sob a copa de uma enorme mangueira, tendo como testemunhas uma variedade de bichos e insetos, a brincadeira-aventura dos meninos come\u00e7a quando uma das bolinhas arremessadas no jogo desaparece entre as moitas verdes do terreiro. Entretanto, a um deles cabe a miss\u00e3o de resgat\u00e1-la. No final dessa saga, um mist\u00e9rio, surpreendente, se revela.<\/p>\n<p><b>Ficha t\u00e9cnica<\/b><\/p>\n<ul>\n<li>Texto: Lilian Menenguci<\/li>\n<li>Ilustra\u00e7\u00f5es: Arthur Mask<\/li>\n<li>Formato: 21cm X 29.5cm<\/li>\n<li>P\u00e1ginas: 22<\/li>\n<li>Ano: 2022<\/li>\n<li>Editora: Mar\u00e9<\/li>\n<li>ISBN: 978-65-86358-22-3<\/li>\n<\/ul>\n","protected":false},"excerpt":{"rendered":"<p>Tr\u00eas amigos apaixonados pelo jogo de bolinha de gude decidem realizar suas partidas no quintal do nada simp\u00e1tico Senhor Marinho. Sob a copa de uma enorme mangueira, a brincadeira-aventura dos meninos come\u00e7a quando uma das bolinhas arremessadas no jogo desaparece entre as moitas verdes do terreiro.<\/p>\n","protected":false},"featured_media":217,"comment_status":"open","ping_status":"closed","template":"","meta":[],"product_cat":[28],"product_tag":[],"class_list":{"0":"post-216","1":"product","2":"type-product","3":"status-publish","4":"has-post-thumbnail","6":"product_cat-infanto-juvenil","8":"first","9":"instock","10":"shipping-taxable","11":"purchasable","12":"product-type-simple"},"jetpack_sharing_enabled":true,"_links":{"self":[{"href":"https:\/\/lilianmenenguci.com.br\/index.php\/wp-json\/wp\/v2\/product\/216","targetHints":{"allow":["GET"]}}],"collection":[{"href":"https:\/\/lilianmenenguci.com.br\/index.php\/wp-json\/wp\/v2\/product"}],"about":[{"href":"https:\/\/lilianmenenguci.com.br\/index.php\/wp-json\/wp\/v2\/types\/product"}],"replies":[{"embeddable":true,"href":"https:\/\/lilianmenenguci.com.br\/index.php\/wp-json\/wp\/v2\/comments?post=216"}],"wp:featuredmedia":[{"embeddable":true,"href":"https:\/\/lilianmenenguci.com.br\/index.php\/wp-json\/wp\/v2\/media\/217"}],"wp:attachment":[{"href":"https:\/\/lilianmenenguci.com.br\/index.php\/wp-json\/wp\/v2\/media?parent=216"}],"wp:term":[{"taxonomy":"product_cat","embeddable":true,"href":"https:\/\/lilianmenenguci.com.br\/index.php\/wp-json\/wp\/v2\/product_cat?post=216"},{"taxonomy":"product_tag","embeddable":true,"href":"https:\/\/lilianmenenguci.com.br\/index.php\/wp-json\/wp\/v2\/product_tag?post=216"}],"curies":[{"name":"wp","href":"https:\/\/api.w.org\/{rel}","templated":true}]}}