{"id":214,"date":"2023-01-21T12:42:32","date_gmt":"2023-01-21T15:42:32","guid":{"rendered":"https:\/\/lilianmenenguci.com.br\/?post_type=product&#038;p=214"},"modified":"2026-01-12T14:40:48","modified_gmt":"2026-01-12T17:40:48","slug":"a-crianca-magica","status":"publish","type":"product","link":"https:\/\/lilianmenenguci.com.br\/index.php\/produto\/a-crianca-magica\/","title":{"rendered":"A Crian\u00e7a M\u00e1gica"},"content":{"rendered":"<p>Deitada no tapete do quarto, a crian\u00e7a pensava em alguma coisa para fazer. Cada hora queria algo, mas n\u00e3o sabia direito o que era. Ent\u00e3o, no meio dos brinquedos espalhados pelo ch\u00e3o, come\u00e7ou a piscar os olhos bem rapidinho. De repente, tudo ficou escuro ao seu redor. Nesse momento algo inusitado aconteceu. Como num passe de m\u00e1gica, ela passou a transformar tudo aquilo que estava \u00e0 sua volta no que bem entendesse. Mas, o que ser\u00e1 que fez da crian\u00e7a uma crian\u00e7a m\u00e1gica?<\/p>\n<p><b>Ficha t\u00e9cnica<\/b><\/p>\n<ul>\n<li>Texto: Lilian Menenguci<\/li>\n<li>Capa e Ilustra\u00e7\u00f5es: Rosaria<\/li>\n<li>Formato: 29,5cm X 21cm<\/li>\n<li>P\u00e1ginas: 50<\/li>\n<li>Ano: 2017<\/li>\n<li>Editora: Cousa<\/li>\n<li>ISBN: 978-85-63746-76-4<\/li>\n<\/ul>\n","protected":false},"excerpt":{"rendered":"<p>Deitada no tapete do quarto, a crian\u00e7a pensava em alguma coisa para fazer. Cada hora queria algo, mas n\u00e3o sabia direito o que era. Ent\u00e3o, no meio dos brinquedos espalhados pelo ch\u00e3o, come\u00e7ou a piscar os olhos bem rapidinho. De repente, tudo ficou escuro ao seu redor, algo aconteceu!<\/p>\n","protected":false},"featured_media":215,"comment_status":"open","ping_status":"closed","template":"","meta":[],"product_cat":[28],"product_tag":[],"class_list":{"0":"post-214","1":"product","2":"type-product","3":"status-publish","4":"has-post-thumbnail","6":"product_cat-infanto-juvenil","8":"first","9":"instock","10":"shipping-taxable","11":"purchasable","12":"product-type-simple"},"jetpack_sharing_enabled":true,"_links":{"self":[{"href":"https:\/\/lilianmenenguci.com.br\/index.php\/wp-json\/wp\/v2\/product\/214","targetHints":{"allow":["GET"]}}],"collection":[{"href":"https:\/\/lilianmenenguci.com.br\/index.php\/wp-json\/wp\/v2\/product"}],"about":[{"href":"https:\/\/lilianmenenguci.com.br\/index.php\/wp-json\/wp\/v2\/types\/product"}],"replies":[{"embeddable":true,"href":"https:\/\/lilianmenenguci.com.br\/index.php\/wp-json\/wp\/v2\/comments?post=214"}],"wp:featuredmedia":[{"embeddable":true,"href":"https:\/\/lilianmenenguci.com.br\/index.php\/wp-json\/wp\/v2\/media\/215"}],"wp:attachment":[{"href":"https:\/\/lilianmenenguci.com.br\/index.php\/wp-json\/wp\/v2\/media?parent=214"}],"wp:term":[{"taxonomy":"product_cat","embeddable":true,"href":"https:\/\/lilianmenenguci.com.br\/index.php\/wp-json\/wp\/v2\/product_cat?post=214"},{"taxonomy":"product_tag","embeddable":true,"href":"https:\/\/lilianmenenguci.com.br\/index.php\/wp-json\/wp\/v2\/product_tag?post=214"}],"curies":[{"name":"wp","href":"https:\/\/api.w.org\/{rel}","templated":true}]}}