{"id":212,"date":"2023-01-21T12:41:14","date_gmt":"2023-01-21T15:41:14","guid":{"rendered":"https:\/\/lilianmenenguci.com.br\/?post_type=product&#038;p=212"},"modified":"2026-01-12T14:40:30","modified_gmt":"2026-01-12T17:40:30","slug":"casa-de-papel","status":"publish","type":"product","link":"https:\/\/lilianmenenguci.com.br\/index.php\/produto\/casa-de-papel\/","title":{"rendered":"Casa de Papel"},"content":{"rendered":"<p>J\u00e1 sentiu coceira no dedo do p\u00e9? Viu a bola rolar no vento? Brincou de bolinha de sab\u00e3o? Encontrou com a mentira cabeluda? Em cada p\u00e1gina-c\u00f4modo do livro \u2018Casa de papel\u2019 mora um poema que nasceu das brincadeiras da autora com as coisas, com as pessoas e com as palavras. Cada poema da casa \u00e9 um convite para voc\u00ea se divertir com as ilustra\u00e7\u00f5es, os ritmos, as sonoridades dos textos e construir a sua pr\u00f3pria forma de habitar poeticamente o mundo. Abra a porta, entre!<\/p>\n<p><b>Ficha t\u00e9cnica<\/b><\/p>\n<ul>\n<li>Texto: Lilian Menenguci<\/li>\n<li>Capa: G\u00ea Viana<\/li>\n<li>Ilustra\u00e7\u00f5es: Gustavo Machado<\/li>\n<li>Formato: 23cm X 17cm<\/li>\n<li>P\u00e1ginas: 43<\/li>\n<li>Ano: 2012<\/li>\n<li>Editora: Cousa<\/li>\n<li>ISBN: 978-85-63746-14-6<\/li>\n<\/ul>\n","protected":false},"excerpt":{"rendered":"<p>J\u00e1 sentiu coceira no dedo do p\u00e9? Viu a bola rolar no vento? Brincou de bolinha de sab\u00e3o? Encontrou com a mentira cabeluda? Em cada p\u00e1gina-c\u00f4modo do livro \u2018Casa de papel\u2019 mora um poema que nasceu das brincadeiras da autora com as coisas<\/p>\n","protected":false},"featured_media":213,"comment_status":"open","ping_status":"closed","template":"","meta":[],"product_cat":[28,23],"product_tag":[],"class_list":{"0":"post-212","1":"product","2":"type-product","3":"status-publish","4":"has-post-thumbnail","6":"product_cat-infanto-juvenil","7":"product_cat-poemas","9":"first","10":"instock","11":"shipping-taxable","12":"purchasable","13":"product-type-simple"},"jetpack_sharing_enabled":true,"_links":{"self":[{"href":"https:\/\/lilianmenenguci.com.br\/index.php\/wp-json\/wp\/v2\/product\/212","targetHints":{"allow":["GET"]}}],"collection":[{"href":"https:\/\/lilianmenenguci.com.br\/index.php\/wp-json\/wp\/v2\/product"}],"about":[{"href":"https:\/\/lilianmenenguci.com.br\/index.php\/wp-json\/wp\/v2\/types\/product"}],"replies":[{"embeddable":true,"href":"https:\/\/lilianmenenguci.com.br\/index.php\/wp-json\/wp\/v2\/comments?post=212"}],"wp:featuredmedia":[{"embeddable":true,"href":"https:\/\/lilianmenenguci.com.br\/index.php\/wp-json\/wp\/v2\/media\/213"}],"wp:attachment":[{"href":"https:\/\/lilianmenenguci.com.br\/index.php\/wp-json\/wp\/v2\/media?parent=212"}],"wp:term":[{"taxonomy":"product_cat","embeddable":true,"href":"https:\/\/lilianmenenguci.com.br\/index.php\/wp-json\/wp\/v2\/product_cat?post=212"},{"taxonomy":"product_tag","embeddable":true,"href":"https:\/\/lilianmenenguci.com.br\/index.php\/wp-json\/wp\/v2\/product_tag?post=212"}],"curies":[{"name":"wp","href":"https:\/\/api.w.org\/{rel}","templated":true}]}}