{"id":813,"date":"2023-02-01T18:39:23","date_gmt":"2023-02-01T21:39:23","guid":{"rendered":"https:\/\/lilianmenenguci.com.br\/?page_id=813"},"modified":"2023-02-06T11:08:39","modified_gmt":"2023-02-06T14:08:39","slug":"poesia","status":"publish","type":"page","link":"https:\/\/lilianmenenguci.com.br\/index.php\/poesia\/","title":{"rendered":"Poesia"},"content":{"rendered":"\t\t<div data-elementor-type=\"wp-page\" data-elementor-id=\"813\" class=\"elementor elementor-813\" data-elementor-post-type=\"page\">\n\t\t\t\t\t\t<header class=\"has_eae_slider elementor-section elementor-top-section elementor-element elementor-element-aa33d49 elementor-section-content-middle elementor-section-boxed elementor-section-height-default elementor-section-height-default\" data-id=\"aa33d49\" data-element_type=\"section\" data-settings=\"{&quot;background_background&quot;:&quot;classic&quot;,&quot;sticky&quot;:&quot;top&quot;,&quot;shape_divider_bottom&quot;:&quot;split&quot;,&quot;shape_divider_bottom_negative&quot;:&quot;yes&quot;,&quot;sticky_on&quot;:[&quot;desktop&quot;,&quot;tablet&quot;,&quot;mobile&quot;],&quot;sticky_offset&quot;:0,&quot;sticky_effects_offset&quot;:0,&quot;sticky_anchor_link_offset&quot;:0}\">\n\t\t\t\t\t<div class=\"elementor-shape elementor-shape-bottom\" data-negative=\"true\">\n\t\t\t<svg xmlns=\"http:\/\/www.w3.org\/2000\/svg\" viewBox=\"0 0 1000 20\" preserveAspectRatio=\"none\">\n\t<path class=\"elementor-shape-fill\" d=\"M519.8,0.2c-11,0-19.8,8.5-19.8,19c0-10.4-8.8-19-19.8-19L0,0v20h1000V0.2H519.8z\"\/>\n<\/svg>\t\t<\/div>\n\t\t\t\t\t<div class=\"elementor-container elementor-column-gap-no\">\n\t\t\t\t\t<div class=\"has_eae_slider elementor-column elementor-col-25 elementor-top-column elementor-element elementor-element-6821103\" data-id=\"6821103\" data-element_type=\"column\">\n\t\t\t<div class=\"elementor-widget-wrap elementor-element-populated\">\n\t\t\t\t\t\t<div class=\"elementor-element elementor-element-bad55cf elementor-invisible elementor-widget elementor-widget-image\" data-id=\"bad55cf\" data-element_type=\"widget\" data-settings=\"{&quot;_animation&quot;:&quot;bounceIn&quot;}\" data-widget_type=\"image.default\">\n\t\t\t\t<div class=\"elementor-widget-container\">\n\t\t\t\t\t\t\t\t\t\t\t\t\t\t\t\t<a href=\"https:\/\/lilianmenenguci.com.br\/\">\n\t\t\t\t\t\t\t<img fetchpriority=\"high\" decoding=\"async\" width=\"800\" height=\"194\" src=\"https:\/\/i0.wp.com\/lilianmenenguci.com.br\/wp-content\/uploads\/2023\/01\/LOGO-LILIAN.png?fit=800%2C194&amp;ssl=1\" class=\"elementor-animation-pulse attachment-large size-large wp-image-383\" alt=\"\" srcset=\"https:\/\/i0.wp.com\/lilianmenenguci.com.br\/wp-content\/uploads\/2023\/01\/LOGO-LILIAN.png?w=800&amp;ssl=1 800w, https:\/\/i0.wp.com\/lilianmenenguci.com.br\/wp-content\/uploads\/2023\/01\/LOGO-LILIAN.png?resize=300%2C73&amp;ssl=1 300w, https:\/\/i0.wp.com\/lilianmenenguci.com.br\/wp-content\/uploads\/2023\/01\/LOGO-LILIAN.png?resize=768%2C186&amp;ssl=1 768w, https:\/\/i0.wp.com\/lilianmenenguci.com.br\/wp-content\/uploads\/2023\/01\/LOGO-LILIAN.png?resize=600%2C146&amp;ssl=1 600w\" sizes=\"(max-width: 800px) 100vw, 800px\" \/>\t\t\t\t\t\t\t\t<\/a>\n\t\t\t\t\t\t\t\t\t\t\t\t\t\t\t<\/div>\n\t\t\t\t<\/div>\n\t\t\t\t\t<\/div>\n\t\t<\/div>\n\t\t\t\t<div class=\"has_eae_slider elementor-column elementor-col-50 elementor-top-column elementor-element elementor-element-801bfea\" data-id=\"801bfea\" data-element_type=\"column\">\n\t\t\t<div class=\"elementor-widget-wrap elementor-element-populated\">\n\t\t\t\t\t\t<div class=\"elementor-element elementor-element-0456267 elementor-nav-menu__align-end elementor-nav-menu--stretch elementor-nav-menu--dropdown-tablet elementor-nav-menu__text-align-aside elementor-nav-menu--toggle elementor-nav-menu--burger elementor-widget elementor-widget-nav-menu\" data-id=\"0456267\" data-element_type=\"widget\" data-settings=\"{&quot;full_width&quot;:&quot;stretch&quot;,&quot;_animation&quot;:&quot;none&quot;,&quot;toggle_icon_hover_animation&quot;:&quot;pulse&quot;,&quot;layout&quot;:&quot;horizontal&quot;,&quot;submenu_icon&quot;:{&quot;value&quot;:&quot;&lt;i class=\\&quot;fas fa-caret-down\\&quot;&gt;&lt;\\\/i&gt;&quot;,&quot;library&quot;:&quot;fa-solid&quot;},&quot;toggle&quot;:&quot;burger&quot;}\" data-widget_type=\"nav-menu.default\">\n\t\t\t\t<div class=\"elementor-widget-container\">\n\t\t\t\t\t\t\t\t<nav aria-label=\"Menu\" class=\"elementor-nav-menu--main elementor-nav-menu__container elementor-nav-menu--layout-horizontal e--pointer-text e--animation-none\">\n\t\t\t\t<ul id=\"menu-1-0456267\" class=\"elementor-nav-menu\"><li class=\"menu-item menu-item-type-custom menu-item-object-custom menu-item-home menu-item-349\"><a href=\"https:\/\/lilianmenenguci.com.br\/#home\" class=\"elementor-item elementor-item-anchor\">Home<\/a><\/li>\n<li class=\"menu-item menu-item-type-custom menu-item-object-custom menu-item-home menu-item-345\"><a href=\"https:\/\/lilianmenenguci.com.br\/#nossoslivros\" class=\"elementor-item elementor-item-anchor\">Nossos Livros<\/a><\/li>\n<li class=\"menu-item menu-item-type-custom menu-item-object-custom menu-item-home menu-item-572\"><a href=\"https:\/\/lilianmenenguci.com.br\/#linhadotempo\" class=\"elementor-item elementor-item-anchor\">Linha do Tempo<\/a><\/li>\n<li class=\"menu-item menu-item-type-post_type menu-item-object-page menu-item-110\"><a href=\"https:\/\/lilianmenenguci.com.br\/index.php\/contate\/\" class=\"elementor-item\">Contato<\/a><\/li>\n<\/ul>\t\t\t<\/nav>\n\t\t\t\t\t<div class=\"elementor-menu-toggle\" role=\"button\" tabindex=\"0\" aria-label=\"Alternar menu\" aria-expanded=\"false\">\n\t\t\t<i aria-hidden=\"true\" role=\"presentation\" class=\"elementor-menu-toggle__icon--open elementor-animation-pulse eicon-menu-bar\"><\/i><i aria-hidden=\"true\" role=\"presentation\" class=\"elementor-menu-toggle__icon--close elementor-animation-pulse eicon-close\"><\/i>\t\t<\/div>\n\t\t\t\t\t<nav class=\"elementor-nav-menu--dropdown elementor-nav-menu__container\" aria-hidden=\"true\">\n\t\t\t\t<ul id=\"menu-2-0456267\" class=\"elementor-nav-menu\"><li class=\"menu-item menu-item-type-custom menu-item-object-custom menu-item-home menu-item-349\"><a href=\"https:\/\/lilianmenenguci.com.br\/#home\" class=\"elementor-item elementor-item-anchor\" tabindex=\"-1\">Home<\/a><\/li>\n<li class=\"menu-item menu-item-type-custom menu-item-object-custom menu-item-home menu-item-345\"><a href=\"https:\/\/lilianmenenguci.com.br\/#nossoslivros\" class=\"elementor-item elementor-item-anchor\" tabindex=\"-1\">Nossos Livros<\/a><\/li>\n<li class=\"menu-item menu-item-type-custom menu-item-object-custom menu-item-home menu-item-572\"><a href=\"https:\/\/lilianmenenguci.com.br\/#linhadotempo\" class=\"elementor-item elementor-item-anchor\" tabindex=\"-1\">Linha do Tempo<\/a><\/li>\n<li class=\"menu-item menu-item-type-post_type menu-item-object-page menu-item-110\"><a href=\"https:\/\/lilianmenenguci.com.br\/index.php\/contate\/\" class=\"elementor-item\" tabindex=\"-1\">Contato<\/a><\/li>\n<\/ul>\t\t\t<\/nav>\n\t\t\t\t\t\t<\/div>\n\t\t\t\t<\/div>\n\t\t\t\t\t<\/div>\n\t\t<\/div>\n\t\t\t\t<div class=\"has_eae_slider elementor-column elementor-col-25 elementor-top-column elementor-element elementor-element-54ab63a\" data-id=\"54ab63a\" data-element_type=\"column\">\n\t\t\t<div class=\"elementor-widget-wrap elementor-element-populated\">\n\t\t\t\t\t\t<div class=\"elementor-element elementor-element-45284c2 elementor-shape-circle e-grid-align-right e-grid-align-tablet-right e-grid-align-mobile-center elementor-hidden-phone elementor-grid-0 elementor-widget elementor-widget-social-icons\" data-id=\"45284c2\" data-element_type=\"widget\" data-widget_type=\"social-icons.default\">\n\t\t\t\t<div class=\"elementor-widget-container\">\n\t\t\t\t\t\t\t<div class=\"elementor-social-icons-wrapper elementor-grid\">\n\t\t\t\t\t\t\t<span class=\"elementor-grid-item\">\n\t\t\t\t\t<a class=\"elementor-icon elementor-social-icon elementor-social-icon-instagram elementor-animation-pulse elementor-repeater-item-c58d333\" href=\"https:\/\/www.instagram.com\/lilianmenengucioficial\/\" target=\"_blank\">\n\t\t\t\t\t\t<span class=\"elementor-screen-only\">Instagram<\/span>\n\t\t\t\t\t\t<i class=\"fab fa-instagram\"><\/i>\t\t\t\t\t<\/a>\n\t\t\t\t<\/span>\n\t\t\t\t\t\t\t<span class=\"elementor-grid-item\">\n\t\t\t\t\t<a class=\"elementor-icon elementor-social-icon elementor-social-icon-facebook elementor-animation-pulse elementor-repeater-item-ba39e7d\" href=\"https:\/\/pt-br.facebook.com\/lilianmenengucioficial\/\" target=\"_blank\">\n\t\t\t\t\t\t<span class=\"elementor-screen-only\">Facebook<\/span>\n\t\t\t\t\t\t<i class=\"fab fa-facebook\"><\/i>\t\t\t\t\t<\/a>\n\t\t\t\t<\/span>\n\t\t\t\t\t<\/div>\n\t\t\t\t\t\t<\/div>\n\t\t\t\t<\/div>\n\t\t\t\t\t<\/div>\n\t\t<\/div>\n\t\t\t\t\t<\/div>\n\t\t<\/header>\n\t\t\t\t<section class=\"has_eae_slider elementor-section elementor-top-section elementor-element elementor-element-6c02112 elementor-section-boxed elementor-section-height-default elementor-section-height-default\" data-id=\"6c02112\" data-element_type=\"section\">\n\t\t\t\t\t\t<div class=\"elementor-container elementor-column-gap-default\">\n\t\t\t\t\t<div class=\"has_eae_slider elementor-column elementor-col-100 elementor-top-column elementor-element elementor-element-35afd04\" data-id=\"35afd04\" data-element_type=\"column\">\n\t\t\t<div class=\"elementor-widget-wrap elementor-element-populated\">\n\t\t\t\t\t\t<div class=\"elementor-element elementor-element-4f398c2 elementor-widget elementor-widget-text-editor\" data-id=\"4f398c2\" data-element_type=\"widget\" data-widget_type=\"text-editor.default\">\n\t\t\t\t<div class=\"elementor-widget-container\">\n\t\t\t\t\t\t\t\t\t<p>Poesia<\/p>\t\t\t\t\t\t\t\t<\/div>\n\t\t\t\t<\/div>\n\t\t\t\t<div class=\"elementor-element elementor-element-4d552c6 image-position-column elementor-widget elementor-widget-eae-timeline\" data-id=\"4d552c6\" data-element_type=\"widget\" data-widget_type=\"eae-timeline.skin2\">\n\t\t\t\t<div class=\"elementor-widget-container\">\n\t\t\t\t\t\t\t<section data-layout=\"center\" data-top-offset=\"200\" class=\"eae-layout-center eae-timeline eae-timeline-alternate-yes eae-tl-center eae-tl-res-style-mobile-tablet eae-tl-res-layout-left\">\n\t\t\t<div class=\"eae-timline-progress-bar\">\n\t\t\t\t<div class='eae-pb-inner-line'><\/div>\n\t\t\t<\/div>\n\n\t\t\t\n\t\t\t\t\t\t\t\t\n\t\t\t\t\t\t<div id=\"c5a9dc1\" class=\"eae-timeline-item elementor-repeater-item-c5a9dc1 custom-image-style-no image-position-\">\n\n\t\t\t\t<div class=\"eae-tl-item-meta-wrapper\">\n\t\t\t\t\t\t\t\t\t\t\t<div class=\"eae-tl-item-meta\">\n\t\t\t\t\t\t\tJaneiro, 2012\t\t\t\t\t\t<\/div>\n\t\t\t\t\t\t\n\t\t\t\t<\/div>\n\n\t\t\t\t<div class=\"eae-tl-icon-wrapper\" id=\"c5a9dc1\">\n\t\t\t\t\t\t\t\t\t<div class=\"eae-icon eae-icon-item_icon eae-icon-view-framed eae-icon-shape-circle eae-icon-type-icon\">\n\t\t\t\t\t<div class=\"eae-icon-wrap\">\n\t\t\t\t\t\t\t\t\t\t\t\t\t<i aria-hidden=\"true\" class=\"fa fa-calendar\"><\/i>\t\t\t\t\t\t\t\t\t\t\t\t<\/div>\n\t\t\t\t<\/div>\n\t\t\t\t\t\t\t\t<\/div>\n\t\t\t\t<div class=\"eae-tl-content-wrapper\">\n\t\t\t\t\t\t\t\t\t\t\t<a href=\"#\">\n\t\t\t\t\t\t\t\t\t\t\t\t<div class=\"eae-tl-item-content\">\n\t\t\t\t\t\t\t<div class='eae-tl-item-image'><img decoding=\"async\" width=\"768\" height=\"768\" src=\"https:\/\/i0.wp.com\/lilianmenenguci.com.br\/wp-content\/uploads\/2023\/01\/LIVROS05.jpg?fit=768%2C768&amp;ssl=1\" class=\"attachment-medium_large size-medium_large wp-image-219\" alt=\"\" srcset=\"https:\/\/i0.wp.com\/lilianmenenguci.com.br\/wp-content\/uploads\/2023\/01\/LIVROS05.jpg?w=1117&amp;ssl=1 1117w, https:\/\/i0.wp.com\/lilianmenenguci.com.br\/wp-content\/uploads\/2023\/01\/LIVROS05.jpg?resize=300%2C300&amp;ssl=1 300w, https:\/\/i0.wp.com\/lilianmenenguci.com.br\/wp-content\/uploads\/2023\/01\/LIVROS05.jpg?resize=100%2C100&amp;ssl=1 100w, https:\/\/i0.wp.com\/lilianmenenguci.com.br\/wp-content\/uploads\/2023\/01\/LIVROS05.jpg?resize=600%2C600&amp;ssl=1 600w, https:\/\/i0.wp.com\/lilianmenenguci.com.br\/wp-content\/uploads\/2023\/01\/LIVROS05.jpg?resize=1024%2C1024&amp;ssl=1 1024w, https:\/\/i0.wp.com\/lilianmenenguci.com.br\/wp-content\/uploads\/2023\/01\/LIVROS05.jpg?resize=150%2C150&amp;ssl=1 150w, https:\/\/i0.wp.com\/lilianmenenguci.com.br\/wp-content\/uploads\/2023\/01\/LIVROS05.jpg?resize=768%2C768&amp;ssl=1 768w\" sizes=\"(max-width: 768px) 100vw, 768px\" \/><\/div>\t\t\t\t\t\t\t<div class=\"eae-tl-content\">\n\t\t\t\t\t\t\t\t<div class=\"eae-content-inner\">\n\t\t\t\t\t\t\t\t\t<div class=\"eae-tl-item-meta-wrapper-inner\">\n\t\t\t\t\t\t\t\t\t\t\t\t\t\t\t\t\t\t\t\t\t<div class=\"eae-tl-item-meta-inner\">\n\t\t\t\t\t\t\t\t\t\t\t\tJaneiro, 2012\t\t\t\t\t\t\t\t\t\t\t<\/div>\n\t\t\t\t\t\t\t\t\t\t\t\t\t\t\t\t\t\t\t\t<\/div>\n\t\t\t\t\t\t\t\t\t<h3 class=\"eae-tl-item-title\">Palarvas de Borboletas<\/h3><div class=\"eae-tl-content-innner\">O livro convida, provoca e rememora hist\u00f3rias e travessias, dessas que s\u00e3o singulares e m\u00faltiplas, vividas e tecidas nos cotidianos. Uma compila\u00e7\u00e3o de 52 poemas.<\/div>\t\t\t\t\t\t\t\t<\/div>\n\t\t\t\t\t\t\t<\/div>\n\t\t\t\t\t\t<\/div>\n\t\t\t\t\t\t<\/a>\t\t\t\t<\/div>\n\n\t\t\t<\/div>\n\t\t\t\t\t\t\t\t\n\t\t\t\t\t\t<div id=\"a7b8237\" class=\"eae-timeline-item elementor-repeater-item-a7b8237 custom-image-style-no image-position-\">\n\n\t\t\t\t<div class=\"eae-tl-item-meta-wrapper\">\n\t\t\t\t\t\t\t\t\t\t\t<div class=\"eae-tl-item-meta\">\n\t\t\t\t\t\t\tAgosto, 2020\t\t\t\t\t\t<\/div>\n\t\t\t\t\t\t\n\t\t\t\t<\/div>\n\n\t\t\t\t<div class=\"eae-tl-icon-wrapper\" id=\"a7b8237\">\n\t\t\t\t\t\t\t\t\t<div class=\"eae-icon eae-icon-item_icon eae-icon-view-framed eae-icon-shape-circle eae-icon-type-icon\">\n\t\t\t\t\t<div class=\"eae-icon-wrap\">\n\t\t\t\t\t\t\t\t\t\t\t\t\t<i aria-hidden=\"true\" class=\"fa fa-calendar\"><\/i>\t\t\t\t\t\t\t\t\t\t\t\t<\/div>\n\t\t\t\t<\/div>\n\t\t\t\t\t\t\t\t<\/div>\n\t\t\t\t<div class=\"eae-tl-content-wrapper\">\n\t\t\t\t\t\t\t\t\t\t\t<a href=\"#\">\n\t\t\t\t\t\t\t\t\t\t\t\t<div class=\"eae-tl-item-content\">\n\t\t\t\t\t\t\t<div class='eae-tl-item-image'><img decoding=\"async\" width=\"768\" height=\"768\" src=\"https:\/\/i0.wp.com\/lilianmenenguci.com.br\/wp-content\/uploads\/2023\/01\/LIVROS06.jpg?fit=768%2C768&amp;ssl=1\" class=\"attachment-medium_large size-medium_large wp-image-221\" alt=\"\" srcset=\"https:\/\/i0.wp.com\/lilianmenenguci.com.br\/wp-content\/uploads\/2023\/01\/LIVROS06.jpg?w=1117&amp;ssl=1 1117w, https:\/\/i0.wp.com\/lilianmenenguci.com.br\/wp-content\/uploads\/2023\/01\/LIVROS06.jpg?resize=300%2C300&amp;ssl=1 300w, https:\/\/i0.wp.com\/lilianmenenguci.com.br\/wp-content\/uploads\/2023\/01\/LIVROS06.jpg?resize=100%2C100&amp;ssl=1 100w, https:\/\/i0.wp.com\/lilianmenenguci.com.br\/wp-content\/uploads\/2023\/01\/LIVROS06.jpg?resize=600%2C600&amp;ssl=1 600w, https:\/\/i0.wp.com\/lilianmenenguci.com.br\/wp-content\/uploads\/2023\/01\/LIVROS06.jpg?resize=1024%2C1024&amp;ssl=1 1024w, https:\/\/i0.wp.com\/lilianmenenguci.com.br\/wp-content\/uploads\/2023\/01\/LIVROS06.jpg?resize=150%2C150&amp;ssl=1 150w, https:\/\/i0.wp.com\/lilianmenenguci.com.br\/wp-content\/uploads\/2023\/01\/LIVROS06.jpg?resize=768%2C768&amp;ssl=1 768w\" sizes=\"(max-width: 768px) 100vw, 768px\" \/><\/div>\t\t\t\t\t\t\t<div class=\"eae-tl-content\">\n\t\t\t\t\t\t\t\t<div class=\"eae-content-inner\">\n\t\t\t\t\t\t\t\t\t<div class=\"eae-tl-item-meta-wrapper-inner\">\n\t\t\t\t\t\t\t\t\t\t\t\t\t\t\t\t\t\t\t\t\t<div class=\"eae-tl-item-meta-inner\">\n\t\t\t\t\t\t\t\t\t\t\t\tAgosto, 2020\t\t\t\t\t\t\t\t\t\t\t<\/div>\n\t\t\t\t\t\t\t\t\t\t\t\t\t\t\t\t\t\t\t\t<\/div>\n\t\t\t\t\t\t\t\t\t<h3 class=\"eae-tl-item-title\">Gr\u00e3o<\/h3><div class=\"eae-tl-content-innner\">Composto por 73 poemas, o livro que temos pela frente \u00e9 feito de amor, mas tamb\u00e9m de desejo, de aus\u00eancias, de tempo, de calor e frio, de verdades, figuras de linguagem e pequenas estripulias textuais. \u00c9, de fato.<\/div>\t\t\t\t\t\t\t\t<\/div>\n\t\t\t\t\t\t\t<\/div>\n\t\t\t\t\t\t<\/div>\n\t\t\t\t\t\t<\/a>\t\t\t\t<\/div>\n\n\t\t\t<\/div>\n\t\t\t\t\t\t<\/section>\n\n\t\t\t\t\t\t<\/div>\n\t\t\t\t<\/div>\n\t\t\t\t\t<\/div>\n\t\t<\/div>\n\t\t\t\t\t<\/div>\n\t\t<\/section>\n\t\t\t\t<section class=\"has_eae_slider elementor-section elementor-top-section elementor-element elementor-element-f495095 elementor-section-boxed elementor-section-height-default elementor-section-height-default\" data-id=\"f495095\" data-element_type=\"section\" data-settings=\"{&quot;background_background&quot;:&quot;classic&quot;}\">\n\t\t\t\t\t\t<div class=\"elementor-container elementor-column-gap-default\">\n\t\t\t\t\t<div class=\"has_eae_slider elementor-column elementor-col-100 elementor-top-column elementor-element elementor-element-712623a\" data-id=\"712623a\" data-element_type=\"column\">\n\t\t\t<div class=\"elementor-widget-wrap elementor-element-populated\">\n\t\t\t\t\t\t<div class=\"elementor-element elementor-element-677a941 elementor-widget elementor-widget-heading\" data-id=\"677a941\" data-element_type=\"widget\" data-widget_type=\"heading.default\">\n\t\t\t\t<div class=\"elementor-widget-container\">\n\t\t\t\t\t<h3 class=\"elementor-heading-title elementor-size-default\">NAS SOCIAIS<\/h3>\t\t\t\t<\/div>\n\t\t\t\t<\/div>\n\t\t\t\t<div class=\"elementor-element elementor-element-f26b408 elementor-shape-rounded elementor-grid-0 e-grid-align-center elementor-widget elementor-widget-social-icons\" data-id=\"f26b408\" data-element_type=\"widget\" data-widget_type=\"social-icons.default\">\n\t\t\t\t<div class=\"elementor-widget-container\">\n\t\t\t\t\t\t\t<div class=\"elementor-social-icons-wrapper elementor-grid\">\n\t\t\t\t\t\t\t<span class=\"elementor-grid-item\">\n\t\t\t\t\t<a class=\"elementor-icon elementor-social-icon elementor-social-icon-instagram elementor-repeater-item-d2d5c50\" href=\"https:\/\/www.instagram.com\/lilianmenengucioficial\/\" target=\"_blank\">\n\t\t\t\t\t\t<span class=\"elementor-screen-only\">Instagram<\/span>\n\t\t\t\t\t\t<i class=\"fab fa-instagram\"><\/i>\t\t\t\t\t<\/a>\n\t\t\t\t<\/span>\n\t\t\t\t\t\t\t<span class=\"elementor-grid-item\">\n\t\t\t\t\t<a class=\"elementor-icon elementor-social-icon elementor-social-icon-facebook-f elementor-repeater-item-0267196\" href=\"https:\/\/pt-br.facebook.com\/lilianmenengucioficial\/\" target=\"_blank\">\n\t\t\t\t\t\t<span class=\"elementor-screen-only\">Facebook-f<\/span>\n\t\t\t\t\t\t<i class=\"fab fa-facebook-f\"><\/i>\t\t\t\t\t<\/a>\n\t\t\t\t<\/span>\n\t\t\t\t\t\t\t<span class=\"elementor-grid-item\">\n\t\t\t\t\t<a class=\"elementor-icon elementor-social-icon elementor-social-icon-whatsapp elementor-repeater-item-92c0998\" target=\"_blank\">\n\t\t\t\t\t\t<span class=\"elementor-screen-only\">Whatsapp<\/span>\n\t\t\t\t\t\t<i class=\"fab fa-whatsapp\"><\/i>\t\t\t\t\t<\/a>\n\t\t\t\t<\/span>\n\t\t\t\t\t<\/div>\n\t\t\t\t\t\t<\/div>\n\t\t\t\t<\/div>\n\t\t\t\t\t<\/div>\n\t\t<\/div>\n\t\t\t\t\t<\/div>\n\t\t<\/section>\n\t\t\t\t<footer class=\"has_eae_slider elementor-section elementor-top-section elementor-element elementor-element-4b7307c elementor-section-boxed elementor-section-height-default elementor-section-height-default\" data-id=\"4b7307c\" data-element_type=\"section\" data-settings=\"{&quot;background_background&quot;:&quot;classic&quot;}\">\n\t\t\t\t\t\t<div class=\"elementor-container elementor-column-gap-default\">\n\t\t\t\t\t<div class=\"has_eae_slider elementor-column elementor-col-100 elementor-top-column elementor-element elementor-element-5176bfc\" data-id=\"5176bfc\" data-element_type=\"column\">\n\t\t\t<div class=\"elementor-widget-wrap elementor-element-populated\">\n\t\t\t\t\t\t<div class=\"elementor-element elementor-element-d25c6d9 elementor-widget elementor-widget-image\" data-id=\"d25c6d9\" data-element_type=\"widget\" data-widget_type=\"image.default\">\n\t\t\t\t<div class=\"elementor-widget-container\">\n\t\t\t\t\t\t\t\t\t\t\t\t\t\t\t\t<a href=\"https:\/\/webios.com.br\/\" target=\"_blank\">\n\t\t\t\t\t\t\t<img loading=\"lazy\" decoding=\"async\" width=\"279\" height=\"75\" src=\"https:\/\/i0.wp.com\/lilianmenenguci.com.br\/wp-content\/uploads\/2023\/02\/logo-oficialweb.png?fit=279%2C75&amp;ssl=1\" class=\"attachment-full size-full wp-image-777\" alt=\"\" \/>\t\t\t\t\t\t\t\t<\/a>\n\t\t\t\t\t\t\t\t\t\t\t\t\t\t\t<\/div>\n\t\t\t\t<\/div>\n\t\t\t\t\t<\/div>\n\t\t<\/div>\n\t\t\t\t\t<\/div>\n\t\t<\/footer>\n\t\t\t\t<\/div>\n\t\t","protected":false},"excerpt":{"rendered":"<p>Instagram Facebook Poesia Janeiro, 2012 Janeiro, 2012 Palarvas de Borboletas O livro convida, provoca e rememora hist\u00f3rias e travessias, dessas que s\u00e3o singulares e m\u00faltiplas, vividas e tecidas nos cotidianos. Uma compila\u00e7\u00e3o de 52 poemas. Agosto, 2020 Agosto, 2020 Gr\u00e3o Composto por 73 poemas, o livro que temos pela frente \u00e9 feito de amor, mas [&hellip;]<\/p>\n","protected":false},"author":1,"featured_media":0,"parent":0,"menu_order":0,"comment_status":"closed","ping_status":"closed","template":"elementor_canvas","meta":{"footnotes":""},"class_list":["post-813","page","type-page","status-publish","hentry"],"jetpack_sharing_enabled":true,"_links":{"self":[{"href":"https:\/\/lilianmenenguci.com.br\/index.php\/wp-json\/wp\/v2\/pages\/813","targetHints":{"allow":["GET"]}}],"collection":[{"href":"https:\/\/lilianmenenguci.com.br\/index.php\/wp-json\/wp\/v2\/pages"}],"about":[{"href":"https:\/\/lilianmenenguci.com.br\/index.php\/wp-json\/wp\/v2\/types\/page"}],"author":[{"embeddable":true,"href":"https:\/\/lilianmenenguci.com.br\/index.php\/wp-json\/wp\/v2\/users\/1"}],"replies":[{"embeddable":true,"href":"https:\/\/lilianmenenguci.com.br\/index.php\/wp-json\/wp\/v2\/comments?post=813"}],"version-history":[{"count":0,"href":"https:\/\/lilianmenenguci.com.br\/index.php\/wp-json\/wp\/v2\/pages\/813\/revisions"}],"wp:attachment":[{"href":"https:\/\/lilianmenenguci.com.br\/index.php\/wp-json\/wp\/v2\/media?parent=813"}],"curies":[{"name":"wp","href":"https:\/\/api.w.org\/{rel}","templated":true}]}}