{"id":763,"date":"2023-02-01T16:38:16","date_gmt":"2023-02-01T19:38:16","guid":{"rendered":"https:\/\/lilianmenenguci.com.br\/?page_id=763"},"modified":"2025-01-26T20:35:17","modified_gmt":"2025-01-26T23:35:17","slug":"lilian-menenguci","status":"publish","type":"page","link":"https:\/\/lilianmenenguci.com.br\/index.php\/lilian-menenguci\/","title":{"rendered":"Lilian Menenguci"},"content":{"rendered":"\t\t<div data-elementor-type=\"wp-page\" data-elementor-id=\"763\" class=\"elementor elementor-763\" data-elementor-post-type=\"page\">\n\t\t\t\t\t\t<header class=\"has_eae_slider elementor-section elementor-top-section elementor-element elementor-element-9dbb1b9 elementor-section-content-middle elementor-section-boxed elementor-section-height-default elementor-section-height-default\" data-id=\"9dbb1b9\" data-element_type=\"section\" data-settings=\"{&quot;background_background&quot;:&quot;classic&quot;,&quot;sticky&quot;:&quot;top&quot;,&quot;shape_divider_bottom&quot;:&quot;split&quot;,&quot;shape_divider_bottom_negative&quot;:&quot;yes&quot;,&quot;sticky_on&quot;:[&quot;desktop&quot;,&quot;tablet&quot;,&quot;mobile&quot;],&quot;sticky_offset&quot;:0,&quot;sticky_effects_offset&quot;:0,&quot;sticky_anchor_link_offset&quot;:0}\">\n\t\t\t\t\t<div class=\"elementor-shape elementor-shape-bottom\" data-negative=\"true\">\n\t\t\t<svg xmlns=\"http:\/\/www.w3.org\/2000\/svg\" viewBox=\"0 0 1000 20\" preserveAspectRatio=\"none\">\n\t<path class=\"elementor-shape-fill\" d=\"M519.8,0.2c-11,0-19.8,8.5-19.8,19c0-10.4-8.8-19-19.8-19L0,0v20h1000V0.2H519.8z\"\/>\n<\/svg>\t\t<\/div>\n\t\t\t\t\t<div class=\"elementor-container elementor-column-gap-no\">\n\t\t\t\t\t<div class=\"has_eae_slider elementor-column elementor-col-25 elementor-top-column elementor-element elementor-element-f9f8767\" data-id=\"f9f8767\" data-element_type=\"column\">\n\t\t\t<div class=\"elementor-widget-wrap elementor-element-populated\">\n\t\t\t\t\t\t<div class=\"elementor-element elementor-element-de7c097 elementor-invisible elementor-widget elementor-widget-image\" data-id=\"de7c097\" data-element_type=\"widget\" data-settings=\"{&quot;_animation&quot;:&quot;bounceIn&quot;}\" data-widget_type=\"image.default\">\n\t\t\t\t<div class=\"elementor-widget-container\">\n\t\t\t\t\t\t\t\t\t\t\t\t\t\t\t\t<a href=\"https:\/\/lilianmenenguci.com.br\/\">\n\t\t\t\t\t\t\t<img fetchpriority=\"high\" decoding=\"async\" width=\"800\" height=\"194\" src=\"https:\/\/i0.wp.com\/lilianmenenguci.com.br\/wp-content\/uploads\/2023\/01\/LOGO-LILIAN.png?fit=800%2C194&amp;ssl=1\" class=\"elementor-animation-pulse attachment-large size-large wp-image-383\" alt=\"\" srcset=\"https:\/\/i0.wp.com\/lilianmenenguci.com.br\/wp-content\/uploads\/2023\/01\/LOGO-LILIAN.png?w=800&amp;ssl=1 800w, https:\/\/i0.wp.com\/lilianmenenguci.com.br\/wp-content\/uploads\/2023\/01\/LOGO-LILIAN.png?resize=300%2C73&amp;ssl=1 300w, https:\/\/i0.wp.com\/lilianmenenguci.com.br\/wp-content\/uploads\/2023\/01\/LOGO-LILIAN.png?resize=768%2C186&amp;ssl=1 768w, https:\/\/i0.wp.com\/lilianmenenguci.com.br\/wp-content\/uploads\/2023\/01\/LOGO-LILIAN.png?resize=600%2C146&amp;ssl=1 600w\" sizes=\"(max-width: 800px) 100vw, 800px\" \/>\t\t\t\t\t\t\t\t<\/a>\n\t\t\t\t\t\t\t\t\t\t\t\t\t\t\t<\/div>\n\t\t\t\t<\/div>\n\t\t\t\t\t<\/div>\n\t\t<\/div>\n\t\t\t\t<div class=\"has_eae_slider elementor-column elementor-col-50 elementor-top-column elementor-element elementor-element-31143a2\" data-id=\"31143a2\" data-element_type=\"column\">\n\t\t\t<div class=\"elementor-widget-wrap elementor-element-populated\">\n\t\t\t\t\t\t<div class=\"elementor-element elementor-element-33bd7bb elementor-nav-menu__align-end elementor-nav-menu--stretch elementor-nav-menu--dropdown-tablet elementor-nav-menu__text-align-aside elementor-nav-menu--toggle elementor-nav-menu--burger elementor-widget elementor-widget-nav-menu\" data-id=\"33bd7bb\" data-element_type=\"widget\" data-settings=\"{&quot;full_width&quot;:&quot;stretch&quot;,&quot;_animation&quot;:&quot;none&quot;,&quot;toggle_icon_hover_animation&quot;:&quot;pulse&quot;,&quot;layout&quot;:&quot;horizontal&quot;,&quot;submenu_icon&quot;:{&quot;value&quot;:&quot;&lt;i class=\\&quot;fas fa-caret-down\\&quot;&gt;&lt;\\\/i&gt;&quot;,&quot;library&quot;:&quot;fa-solid&quot;},&quot;toggle&quot;:&quot;burger&quot;}\" data-widget_type=\"nav-menu.default\">\n\t\t\t\t<div class=\"elementor-widget-container\">\n\t\t\t\t\t\t\t\t<nav aria-label=\"Menu\" class=\"elementor-nav-menu--main elementor-nav-menu__container elementor-nav-menu--layout-horizontal e--pointer-text e--animation-none\">\n\t\t\t\t<ul id=\"menu-1-33bd7bb\" class=\"elementor-nav-menu\"><li class=\"menu-item menu-item-type-custom menu-item-object-custom menu-item-home menu-item-349\"><a href=\"https:\/\/lilianmenenguci.com.br\/#home\" class=\"elementor-item elementor-item-anchor\">Home<\/a><\/li>\n<li class=\"menu-item menu-item-type-custom menu-item-object-custom menu-item-home menu-item-345\"><a href=\"https:\/\/lilianmenenguci.com.br\/#nossoslivros\" class=\"elementor-item elementor-item-anchor\">Nossos Livros<\/a><\/li>\n<li class=\"menu-item menu-item-type-custom menu-item-object-custom menu-item-home menu-item-572\"><a href=\"https:\/\/lilianmenenguci.com.br\/#linhadotempo\" class=\"elementor-item elementor-item-anchor\">Linha do Tempo<\/a><\/li>\n<li class=\"menu-item menu-item-type-post_type menu-item-object-page menu-item-110\"><a href=\"https:\/\/lilianmenenguci.com.br\/index.php\/contate\/\" class=\"elementor-item\">Contato<\/a><\/li>\n<\/ul>\t\t\t<\/nav>\n\t\t\t\t\t<div class=\"elementor-menu-toggle\" role=\"button\" tabindex=\"0\" aria-label=\"Alternar menu\" aria-expanded=\"false\">\n\t\t\t<i aria-hidden=\"true\" role=\"presentation\" class=\"elementor-menu-toggle__icon--open elementor-animation-pulse eicon-menu-bar\"><\/i><i aria-hidden=\"true\" role=\"presentation\" class=\"elementor-menu-toggle__icon--close elementor-animation-pulse eicon-close\"><\/i>\t\t<\/div>\n\t\t\t\t\t<nav class=\"elementor-nav-menu--dropdown elementor-nav-menu__container\" aria-hidden=\"true\">\n\t\t\t\t<ul id=\"menu-2-33bd7bb\" class=\"elementor-nav-menu\"><li class=\"menu-item menu-item-type-custom menu-item-object-custom menu-item-home menu-item-349\"><a href=\"https:\/\/lilianmenenguci.com.br\/#home\" class=\"elementor-item elementor-item-anchor\" tabindex=\"-1\">Home<\/a><\/li>\n<li class=\"menu-item menu-item-type-custom menu-item-object-custom menu-item-home menu-item-345\"><a href=\"https:\/\/lilianmenenguci.com.br\/#nossoslivros\" class=\"elementor-item elementor-item-anchor\" tabindex=\"-1\">Nossos Livros<\/a><\/li>\n<li class=\"menu-item menu-item-type-custom menu-item-object-custom menu-item-home menu-item-572\"><a href=\"https:\/\/lilianmenenguci.com.br\/#linhadotempo\" class=\"elementor-item elementor-item-anchor\" tabindex=\"-1\">Linha do Tempo<\/a><\/li>\n<li class=\"menu-item menu-item-type-post_type menu-item-object-page menu-item-110\"><a href=\"https:\/\/lilianmenenguci.com.br\/index.php\/contate\/\" class=\"elementor-item\" tabindex=\"-1\">Contato<\/a><\/li>\n<\/ul>\t\t\t<\/nav>\n\t\t\t\t\t\t<\/div>\n\t\t\t\t<\/div>\n\t\t\t\t\t<\/div>\n\t\t<\/div>\n\t\t\t\t<div class=\"has_eae_slider elementor-column elementor-col-25 elementor-top-column elementor-element elementor-element-8326750\" data-id=\"8326750\" data-element_type=\"column\">\n\t\t\t<div class=\"elementor-widget-wrap elementor-element-populated\">\n\t\t\t\t\t\t<div class=\"elementor-element elementor-element-3a39e71 elementor-shape-circle e-grid-align-right e-grid-align-tablet-right e-grid-align-mobile-center elementor-hidden-phone elementor-grid-0 elementor-widget elementor-widget-social-icons\" data-id=\"3a39e71\" data-element_type=\"widget\" data-widget_type=\"social-icons.default\">\n\t\t\t\t<div class=\"elementor-widget-container\">\n\t\t\t\t\t\t\t<div class=\"elementor-social-icons-wrapper elementor-grid\">\n\t\t\t\t\t\t\t<span class=\"elementor-grid-item\">\n\t\t\t\t\t<a class=\"elementor-icon elementor-social-icon elementor-social-icon-instagram elementor-animation-pulse elementor-repeater-item-c58d333\" href=\"https:\/\/www.instagram.com\/lilianmenengucioficial\/\" target=\"_blank\">\n\t\t\t\t\t\t<span class=\"elementor-screen-only\">Instagram<\/span>\n\t\t\t\t\t\t<i class=\"fab fa-instagram\"><\/i>\t\t\t\t\t<\/a>\n\t\t\t\t<\/span>\n\t\t\t\t\t\t\t<span class=\"elementor-grid-item\">\n\t\t\t\t\t<a class=\"elementor-icon elementor-social-icon elementor-social-icon-facebook elementor-animation-pulse elementor-repeater-item-ba39e7d\" href=\"https:\/\/pt-br.facebook.com\/lilianmenengucioficial\/\" target=\"_blank\">\n\t\t\t\t\t\t<span class=\"elementor-screen-only\">Facebook<\/span>\n\t\t\t\t\t\t<i class=\"fab fa-facebook\"><\/i>\t\t\t\t\t<\/a>\n\t\t\t\t<\/span>\n\t\t\t\t\t<\/div>\n\t\t\t\t\t\t<\/div>\n\t\t\t\t<\/div>\n\t\t\t\t\t<\/div>\n\t\t<\/div>\n\t\t\t\t\t<\/div>\n\t\t<\/header>\n\t\t\t\t<section class=\"has_eae_slider elementor-section elementor-top-section elementor-element elementor-element-62f62ae3 elementor-section-content-middle elementor-section-boxed elementor-section-height-default elementor-section-height-default\" data-id=\"62f62ae3\" data-element_type=\"section\">\n\t\t\t\t\t\t<div class=\"elementor-container elementor-column-gap-no\">\n\t\t\t\t\t<div class=\"has_eae_slider elementor-column elementor-col-33 elementor-top-column elementor-element elementor-element-5104f594\" data-id=\"5104f594\" data-element_type=\"column\">\n\t\t\t<div class=\"elementor-widget-wrap elementor-element-populated\">\n\t\t\t\t\t\t<div class=\"elementor-element elementor-element-7de7e89f elementor-widget elementor-widget-text-editor\" data-id=\"7de7e89f\" data-element_type=\"widget\" data-widget_type=\"text-editor.default\">\n\t\t\t\t<div class=\"elementor-widget-container\">\n\t\t\t\t\t\t\t\t\t<p>Conhe\u00e7a mais<\/p>\t\t\t\t\t\t\t\t<\/div>\n\t\t\t\t<\/div>\n\t\t\t\t<div class=\"elementor-element elementor-element-1e50dd99 elementor-widget elementor-widget-heading\" data-id=\"1e50dd99\" data-element_type=\"widget\" data-widget_type=\"heading.default\">\n\t\t\t\t<div class=\"elementor-widget-container\">\n\t\t\t\t\t<h3 class=\"elementor-heading-title elementor-size-default\">Lilian Menenguci<\/h3>\t\t\t\t<\/div>\n\t\t\t\t<\/div>\n\t\t\t\t<div class=\"elementor-element elementor-element-5c35ac3d elementor-widget-divider--view-line elementor-widget elementor-widget-divider\" data-id=\"5c35ac3d\" data-element_type=\"widget\" data-widget_type=\"divider.default\">\n\t\t\t\t<div class=\"elementor-widget-container\">\n\t\t\t\t\t\t\t<div class=\"elementor-divider\">\n\t\t\t<span class=\"elementor-divider-separator\">\n\t\t\t\t\t\t<\/span>\n\t\t<\/div>\n\t\t\t\t\t\t<\/div>\n\t\t\t\t<\/div>\n\t\t\t\t<div class=\"elementor-element elementor-element-df57f75 elementor-widget elementor-widget-text-editor\" data-id=\"df57f75\" data-element_type=\"widget\" data-widget_type=\"text-editor.default\">\n\t\t\t\t<div class=\"elementor-widget-container\">\n\t\t\t\t\t\t\t\t\t<h4><strong>Eu n\u00e3o sou eu,<br \/>nem sou o outro&#8230;<\/strong><\/h4><p>Lilian Menenguci, virginiana de 29 de agosto, \u00e9 natural de Vit\u00f3ria (ES). O seu nome foi escolhido pelo pai, Eliezer Menenguci. Mas, essa \u00e9 uma outra e longa hist\u00f3ria. Desde crian\u00e7a bem pequena, anda de m\u00e3os dadas com a curiosidade.<\/p><p>Gosta de pipoca com queijo e filme de aventura. Adora tomar banho de chuva. Lembrar do sabor dos bolinhos e dos biscoitos de polvilho feitos pela av\u00f3 Maria, faz c\u00f3cegas no cora\u00e7\u00e3o. Tomar sorvete no inverno est\u00e1 entre suas del\u00edcias preferidas, mas n\u00e3o dispensa, em qualquer esta\u00e7\u00e3o, uma boa caneca de caf\u00e9 com leite e p\u00e3o quente com manteiga. Ama risos largos e gargalhadas gordas. Azul \u00e9 a cor preferida. A natureza, para ela, a melhor das escolas. As borboletas, sin\u00f4nimo de inspira\u00e7\u00e3o. O mar, ensinamento. A vida, espa\u00e7o-tempo potente de criatividade. Desde mi\u00fada, e mesmo sem dominar a leitura e a escrita, j\u00e1 lia e escrevia um tanto de hist\u00f3rias. Foi brincando que fez apostas s\u00e9rias: ser professora-pesquisadora e escrever hist\u00f3rias, vividas e inventadas. Assim se deu.<\/p>\t\t\t\t\t\t\t\t<\/div>\n\t\t\t\t<\/div>\n\t\t\t\t\t<\/div>\n\t\t<\/div>\n\t\t\t\t<div class=\"has_eae_slider elementor-column elementor-col-33 elementor-top-column elementor-element elementor-element-6e4aaa34\" data-id=\"6e4aaa34\" data-element_type=\"column\">\n\t\t\t<div class=\"elementor-widget-wrap elementor-element-populated\">\n\t\t\t\t\t\t<div class=\"elementor-element elementor-element-5f9b7829 elementor-widget elementor-widget-image\" data-id=\"5f9b7829\" data-element_type=\"widget\" data-widget_type=\"image.default\">\n\t\t\t\t<div class=\"elementor-widget-container\">\n\t\t\t\t\t\t\t\t\t\t\t\t\t\t\t<img decoding=\"async\" width=\"810\" height=\"811\" src=\"https:\/\/i0.wp.com\/lilianmenenguci.com.br\/wp-content\/uploads\/2025\/01\/9.jpg?fit=810%2C811&amp;ssl=1\" class=\"elementor-animation-grow attachment-full size-full wp-image-1109\" alt=\"\" srcset=\"https:\/\/i0.wp.com\/lilianmenenguci.com.br\/wp-content\/uploads\/2025\/01\/9.jpg?w=810&amp;ssl=1 810w, https:\/\/i0.wp.com\/lilianmenenguci.com.br\/wp-content\/uploads\/2025\/01\/9.jpg?resize=300%2C300&amp;ssl=1 300w, https:\/\/i0.wp.com\/lilianmenenguci.com.br\/wp-content\/uploads\/2025\/01\/9.jpg?resize=150%2C150&amp;ssl=1 150w, https:\/\/i0.wp.com\/lilianmenenguci.com.br\/wp-content\/uploads\/2025\/01\/9.jpg?resize=768%2C769&amp;ssl=1 768w, https:\/\/i0.wp.com\/lilianmenenguci.com.br\/wp-content\/uploads\/2025\/01\/9.jpg?resize=600%2C601&amp;ssl=1 600w, https:\/\/i0.wp.com\/lilianmenenguci.com.br\/wp-content\/uploads\/2025\/01\/9.jpg?resize=100%2C100&amp;ssl=1 100w\" sizes=\"(max-width: 800px) 100vw, 800px\" \/>\t\t\t\t\t\t\t\t\t\t\t\t\t\t\t<\/div>\n\t\t\t\t<\/div>\n\t\t\t\t<div class=\"elementor-element elementor-element-271f796e elementor-widget elementor-widget-text-editor\" data-id=\"271f796e\" data-element_type=\"widget\" data-widget_type=\"text-editor.default\">\n\t\t\t\t<div class=\"elementor-widget-container\">\n\t\t\t\t\t\t\t\t\t<h4><strong>Sobre saberes e fazeres<\/strong><\/h4><p>Professora, graduada em Pedagogia, \u00e9 Doutora em Educa\u00e7\u00e3o pela Universidade Federal do Esp\u00edrito Santo (UFES). Especialista em Acessibilidade Cultural, pela Universidade Federal do Rio de Janeiro (UFRJ). Atua na forma\u00e7\u00e3o inicial e continuada de profissionais da Educa\u00e7\u00e3o e da Cultura. Tem experi\u00eancia em Gest\u00e3o, tanto escolar quanto Cultural.<\/p><p>Menenguci \u00e9 autora dos livros Os medos de Lili, Casa de Papel, A crian\u00e7a m\u00e1gica, O mist\u00e9rio da bolinha de gude, A gente, \u00e0s vezes, \u00e9 assim e A pequena m\u00e1quina de escrever, voltados para o p\u00fablico infantil e juvenil. Lan\u00e7ou Palarvas de borboletras e Gr\u00e3o, sob o g\u00eanero de poesia. Na \u00e1rea da educa\u00e7\u00e3o, produziu Educa\u00e7\u00e3o, Educa\u00e7\u00e3o Especial, Inclus\u00e3o e Arte: para al\u00e9m do ch\u00e3o e dos muros da escola comum e organizou a obra Mem\u00f3rias de Alfabetiza\u00e7\u00e3o: narrativas sobre aprender a ler e a escrever.<\/p>\t\t\t\t\t\t\t\t<\/div>\n\t\t\t\t<\/div>\n\t\t\t\t\t<\/div>\n\t\t<\/div>\n\t\t\t\t<div class=\"has_eae_slider elementor-column elementor-col-33 elementor-top-column elementor-element elementor-element-ec683bf\" data-id=\"ec683bf\" data-element_type=\"column\">\n\t\t\t<div class=\"elementor-widget-wrap elementor-element-populated\">\n\t\t\t\t\t\t<div class=\"elementor-element elementor-element-1b737d29 elementor-widget elementor-widget-text-editor\" data-id=\"1b737d29\" data-element_type=\"widget\" data-widget_type=\"text-editor.default\">\n\t\t\t\t<div class=\"elementor-widget-container\">\n\t\t\t\t\t\t\t\t\t<p>Na condi\u00e7\u00e3o de atriz, j\u00e1 trabalhou em dezenas de espet\u00e1culos e tamb\u00e9m no filme Agrados para Clo\u00ea, de Jefinho Pinheiro. Seu texto Um pouco mais da metade, criado a partir do projeto Outras Tramas, marca a sua estreia na dramaturgia. Nos \u00faltimos anos idealizou e segue coordenando um conjunto de a\u00e7\u00f5es voltadas para o acesso ao livro e o fomento da leitura e da literatura: Livros Gigantes; a Webs\u00e9rie Com a palavra e o Conta, Conta: conta\u00e7\u00e3o art\u00edstica de hist\u00f3rias autorais. Tamb\u00e9m integra a Rede Nacional de Leitura Inclusiva.<\/p>\t\t\t\t\t\t\t\t<\/div>\n\t\t\t\t<\/div>\n\t\t\t\t<div class=\"elementor-element elementor-element-6513a51e elementor-widget elementor-widget-image\" data-id=\"6513a51e\" data-element_type=\"widget\" data-widget_type=\"image.default\">\n\t\t\t\t<div class=\"elementor-widget-container\">\n\t\t\t\t\t\t\t\t\t\t\t\t\t\t\t<img decoding=\"async\" width=\"810\" height=\"811\" src=\"https:\/\/i0.wp.com\/lilianmenenguci.com.br\/wp-content\/uploads\/2025\/01\/11.jpg?fit=810%2C811&amp;ssl=1\" class=\"elementor-animation-grow attachment-full size-full wp-image-1110\" alt=\"\" srcset=\"https:\/\/i0.wp.com\/lilianmenenguci.com.br\/wp-content\/uploads\/2025\/01\/11.jpg?w=810&amp;ssl=1 810w, https:\/\/i0.wp.com\/lilianmenenguci.com.br\/wp-content\/uploads\/2025\/01\/11.jpg?resize=300%2C300&amp;ssl=1 300w, https:\/\/i0.wp.com\/lilianmenenguci.com.br\/wp-content\/uploads\/2025\/01\/11.jpg?resize=150%2C150&amp;ssl=1 150w, https:\/\/i0.wp.com\/lilianmenenguci.com.br\/wp-content\/uploads\/2025\/01\/11.jpg?resize=768%2C769&amp;ssl=1 768w, https:\/\/i0.wp.com\/lilianmenenguci.com.br\/wp-content\/uploads\/2025\/01\/11.jpg?resize=600%2C601&amp;ssl=1 600w, https:\/\/i0.wp.com\/lilianmenenguci.com.br\/wp-content\/uploads\/2025\/01\/11.jpg?resize=100%2C100&amp;ssl=1 100w\" sizes=\"(max-width: 800px) 100vw, 800px\" \/>\t\t\t\t\t\t\t\t\t\t\t\t\t\t\t<\/div>\n\t\t\t\t<\/div>\n\t\t\t\t\t<\/div>\n\t\t<\/div>\n\t\t\t\t\t<\/div>\n\t\t<\/section>\n\t\t\t\t<section class=\"has_eae_slider elementor-section elementor-top-section elementor-element elementor-element-835be48 elementor-section-boxed elementor-section-height-default elementor-section-height-default\" data-id=\"835be48\" data-element_type=\"section\" data-settings=\"{&quot;background_background&quot;:&quot;classic&quot;}\">\n\t\t\t\t\t\t<div class=\"elementor-container elementor-column-gap-default\">\n\t\t\t\t\t<div class=\"has_eae_slider elementor-column elementor-col-100 elementor-top-column elementor-element elementor-element-6f2fab0\" data-id=\"6f2fab0\" data-element_type=\"column\">\n\t\t\t<div class=\"elementor-widget-wrap elementor-element-populated\">\n\t\t\t\t\t\t<div class=\"elementor-element elementor-element-9f2644e elementor-widget elementor-widget-heading\" data-id=\"9f2644e\" data-element_type=\"widget\" data-widget_type=\"heading.default\">\n\t\t\t\t<div class=\"elementor-widget-container\">\n\t\t\t\t\t<h3 class=\"elementor-heading-title elementor-size-default\">NAS SOCIAIS<\/h3>\t\t\t\t<\/div>\n\t\t\t\t<\/div>\n\t\t\t\t<div class=\"elementor-element elementor-element-3345e58 elementor-shape-rounded elementor-grid-0 e-grid-align-center elementor-widget elementor-widget-social-icons\" data-id=\"3345e58\" data-element_type=\"widget\" data-widget_type=\"social-icons.default\">\n\t\t\t\t<div class=\"elementor-widget-container\">\n\t\t\t\t\t\t\t<div class=\"elementor-social-icons-wrapper elementor-grid\">\n\t\t\t\t\t\t\t<span class=\"elementor-grid-item\">\n\t\t\t\t\t<a class=\"elementor-icon elementor-social-icon elementor-social-icon-instagram elementor-repeater-item-d2d5c50\" href=\"https:\/\/www.instagram.com\/lilianmenengucioficial\/\" target=\"_blank\">\n\t\t\t\t\t\t<span class=\"elementor-screen-only\">Instagram<\/span>\n\t\t\t\t\t\t<i class=\"fab fa-instagram\"><\/i>\t\t\t\t\t<\/a>\n\t\t\t\t<\/span>\n\t\t\t\t\t\t\t<span class=\"elementor-grid-item\">\n\t\t\t\t\t<a class=\"elementor-icon elementor-social-icon elementor-social-icon-facebook-f elementor-repeater-item-0267196\" href=\"https:\/\/pt-br.facebook.com\/lilianmenengucioficial\/\" target=\"_blank\">\n\t\t\t\t\t\t<span class=\"elementor-screen-only\">Facebook-f<\/span>\n\t\t\t\t\t\t<i class=\"fab fa-facebook-f\"><\/i>\t\t\t\t\t<\/a>\n\t\t\t\t<\/span>\n\t\t\t\t\t\t\t<span class=\"elementor-grid-item\">\n\t\t\t\t\t<a class=\"elementor-icon elementor-social-icon elementor-social-icon-whatsapp elementor-repeater-item-92c0998\" target=\"_blank\">\n\t\t\t\t\t\t<span class=\"elementor-screen-only\">Whatsapp<\/span>\n\t\t\t\t\t\t<i class=\"fab fa-whatsapp\"><\/i>\t\t\t\t\t<\/a>\n\t\t\t\t<\/span>\n\t\t\t\t\t<\/div>\n\t\t\t\t\t\t<\/div>\n\t\t\t\t<\/div>\n\t\t\t\t\t<\/div>\n\t\t<\/div>\n\t\t\t\t\t<\/div>\n\t\t<\/section>\n\t\t\t\t<footer class=\"has_eae_slider elementor-section elementor-top-section elementor-element elementor-element-f63a32f elementor-section-boxed elementor-section-height-default elementor-section-height-default\" data-id=\"f63a32f\" data-element_type=\"section\" data-settings=\"{&quot;background_background&quot;:&quot;classic&quot;}\">\n\t\t\t\t\t\t<div class=\"elementor-container elementor-column-gap-default\">\n\t\t\t\t\t<div class=\"has_eae_slider elementor-column elementor-col-100 elementor-top-column elementor-element elementor-element-a25c0bd\" data-id=\"a25c0bd\" data-element_type=\"column\">\n\t\t\t<div class=\"elementor-widget-wrap elementor-element-populated\">\n\t\t\t\t\t\t<div class=\"elementor-element elementor-element-45f8962 elementor-widget elementor-widget-image\" data-id=\"45f8962\" data-element_type=\"widget\" data-widget_type=\"image.default\">\n\t\t\t\t<div class=\"elementor-widget-container\">\n\t\t\t\t\t\t\t\t\t\t\t\t\t\t\t\t<a href=\"https:\/\/webios.com.br\/\" target=\"_blank\">\n\t\t\t\t\t\t\t<img loading=\"lazy\" decoding=\"async\" width=\"279\" height=\"75\" src=\"https:\/\/i0.wp.com\/lilianmenenguci.com.br\/wp-content\/uploads\/2023\/02\/logo-oficialweb.png?fit=279%2C75&amp;ssl=1\" class=\"attachment-full size-full wp-image-777\" alt=\"\" \/>\t\t\t\t\t\t\t\t<\/a>\n\t\t\t\t\t\t\t\t\t\t\t\t\t\t\t<\/div>\n\t\t\t\t<\/div>\n\t\t\t\t\t<\/div>\n\t\t<\/div>\n\t\t\t\t\t<\/div>\n\t\t<\/footer>\n\t\t\t\t<\/div>\n\t\t","protected":false},"excerpt":{"rendered":"<p>Instagram Facebook Conhe\u00e7a mais Lilian Menenguci Eu n\u00e3o sou eu,nem sou o outro&#8230; Lilian Menenguci, virginiana de 29 de agosto, \u00e9 natural de Vit\u00f3ria (ES). O seu nome foi escolhido pelo pai, Eliezer Menenguci. Mas, essa \u00e9 uma outra e longa hist\u00f3ria. Desde crian\u00e7a bem pequena, anda de m\u00e3os dadas com a curiosidade. Gosta de [&hellip;]<\/p>\n","protected":false},"author":1,"featured_media":0,"parent":0,"menu_order":0,"comment_status":"closed","ping_status":"closed","template":"elementor_canvas","meta":{"footnotes":""},"class_list":["post-763","page","type-page","status-publish","hentry"],"jetpack_sharing_enabled":true,"_links":{"self":[{"href":"https:\/\/lilianmenenguci.com.br\/index.php\/wp-json\/wp\/v2\/pages\/763","targetHints":{"allow":["GET"]}}],"collection":[{"href":"https:\/\/lilianmenenguci.com.br\/index.php\/wp-json\/wp\/v2\/pages"}],"about":[{"href":"https:\/\/lilianmenenguci.com.br\/index.php\/wp-json\/wp\/v2\/types\/page"}],"author":[{"embeddable":true,"href":"https:\/\/lilianmenenguci.com.br\/index.php\/wp-json\/wp\/v2\/users\/1"}],"replies":[{"embeddable":true,"href":"https:\/\/lilianmenenguci.com.br\/index.php\/wp-json\/wp\/v2\/comments?post=763"}],"version-history":[{"count":6,"href":"https:\/\/lilianmenenguci.com.br\/index.php\/wp-json\/wp\/v2\/pages\/763\/revisions"}],"predecessor-version":[{"id":1143,"href":"https:\/\/lilianmenenguci.com.br\/index.php\/wp-json\/wp\/v2\/pages\/763\/revisions\/1143"}],"wp:attachment":[{"href":"https:\/\/lilianmenenguci.com.br\/index.php\/wp-json\/wp\/v2\/media?parent=763"}],"curies":[{"name":"wp","href":"https:\/\/api.w.org\/{rel}","templated":true}]}}