{"id":202,"date":"2023-01-15T18:37:02","date_gmt":"2023-01-15T21:37:02","guid":{"rendered":"https:\/\/lilianmenenguci.com.br\/index.php\/carrinho\/"},"modified":"2024-11-27T13:16:15","modified_gmt":"2024-11-27T16:16:15","slug":"carrinho","status":"publish","type":"page","link":"https:\/\/lilianmenenguci.com.br\/index.php\/carrinho\/","title":{"rendered":"Carrinho"},"content":{"rendered":"\t\t<div data-elementor-type=\"wp-page\" data-elementor-id=\"202\" class=\"elementor elementor-202\" data-elementor-post-type=\"page\">\n\t\t\t\t<div class=\"has_eae_slider elementor-element elementor-element-fda7de3 e-flex e-con-boxed e-con e-parent\" data-id=\"fda7de3\" data-element_type=\"container\">\n\t\t\t\t\t<div class=\"e-con-inner\">\n\t\t<div class=\"has_eae_slider elementor-element elementor-element-7924211 e-con-full e-flex e-con e-child\" data-id=\"7924211\" data-element_type=\"container\">\n\t\t\t\t<\/div>\n\t\t\t\t\t<\/div>\n\t\t\t\t<\/div>\n\t\t\t\t<\/div>\n\t\t","protected":false},"excerpt":{"rendered":"<p>Remover item Imagem de miniatura Produto Pre\u00e7o Quantidade Subtotal &times; Mem\u00f3rias de Alfabetiza\u00e7\u00e3o &#82;&#36;&nbsp;35,00 Mem\u00f3rias de Alfabetiza\u00e7\u00e3o quantidade &#82;&#36;&nbsp;70,00 &times; A Crian\u00e7a M\u00e1gica &#82;&#36;&nbsp;49,90 A Crian\u00e7a M\u00e1gica quantidade &#82;&#36;&nbsp;49,90 Atualizar o carrinho Aplicar cupom Total no carrinho Subtotal &#82;&#36;&nbsp;119,90 Entrega Correios: &#82;&#36;&nbsp;22,52 Entrega em at\u00e9 7 dias \u00fateis Entrega para juiz de fora, Minas Gerais, [&hellip;]<\/p>\n","protected":false},"author":1,"featured_media":0,"parent":0,"menu_order":0,"comment_status":"closed","ping_status":"closed","template":"elementor_header_footer","meta":{"footnotes":""},"class_list":["post-202","page","type-page","status-publish","hentry"],"jetpack_sharing_enabled":true,"_links":{"self":[{"href":"https:\/\/lilianmenenguci.com.br\/index.php\/wp-json\/wp\/v2\/pages\/202","targetHints":{"allow":["GET"]}}],"collection":[{"href":"https:\/\/lilianmenenguci.com.br\/index.php\/wp-json\/wp\/v2\/pages"}],"about":[{"href":"https:\/\/lilianmenenguci.com.br\/index.php\/wp-json\/wp\/v2\/types\/page"}],"author":[{"embeddable":true,"href":"https:\/\/lilianmenenguci.com.br\/index.php\/wp-json\/wp\/v2\/users\/1"}],"replies":[{"embeddable":true,"href":"https:\/\/lilianmenenguci.com.br\/index.php\/wp-json\/wp\/v2\/comments?post=202"}],"version-history":[{"count":0,"href":"https:\/\/lilianmenenguci.com.br\/index.php\/wp-json\/wp\/v2\/pages\/202\/revisions"}],"wp:attachment":[{"href":"https:\/\/lilianmenenguci.com.br\/index.php\/wp-json\/wp\/v2\/media?parent=202"}],"curies":[{"name":"wp","href":"https:\/\/api.w.org\/{rel}","templated":true}]}}